{"id":314,"date":"2022-06-02T04:22:38","date_gmt":"2022-06-02T04:22:38","guid":{"rendered":"https:\/\/modactivity.travelerwp.com\/?page_id=314"},"modified":"2026-04-22T18:17:56","modified_gmt":"2026-04-22T18:17:56","slug":"faq","status":"publish","type":"page","link":"https:\/\/remozatours.com\/fr\/faq\/","title":{"rendered":"FAQ"},"content":{"rendered":"<div data-elementor-type=\"wp-page\" data-elementor-id=\"314\" class=\"elementor elementor-314\">\n\t\t\t\t\t\t<section class=\"elementor-section elementor-top-section elementor-element elementor-element-ce66df1 elementor-section-height-min-height elementor-section-boxed elementor-section-height-default elementor-section-items-middle\" data-id=\"ce66df1\" data-element_type=\"section\" data-e-type=\"section\" data-settings=\"{&quot;background_background&quot;:&quot;classic&quot;}\">\n\t\t\t\t\t\t\t<div class=\"elementor-background-overlay\"><\/div>\n\t\t\t\t\t\t\t<div class=\"elementor-container elementor-column-gap-default\">\n\t\t\t\t\t<div class=\"elementor-column elementor-col-100 elementor-top-column elementor-element elementor-element-5074194\" data-id=\"5074194\" data-element_type=\"column\" data-e-type=\"column\">\n\t\t\t<div class=\"elementor-widget-wrap elementor-element-populated\">\n\t\t\t\t\t\t<div class=\"elementor-element elementor-element-739f61d elementor-widget elementor-widget-heading\" data-id=\"739f61d\" data-element_type=\"widget\" data-e-type=\"widget\" data-widget_type=\"heading.default\">\n\t\t\t\t<div class=\"elementor-widget-container\">\n\t\t\t\t\t<h2 class=\"elementor-heading-title elementor-size-default\">Frequently Asked Questions<\/h2>\t\t\t\t<\/div>\n\t\t\t\t<\/div>\n\t\t\t\t\t<\/div>\n\t\t<\/div>\n\t\t\t\t\t<\/div>\n\t\t<\/section>\n\t\t\t\t<section class=\"elementor-section elementor-top-section elementor-element elementor-element-c499529 elementor-section-boxed elementor-section-height-default elementor-section-height-default\" data-id=\"c499529\" data-element_type=\"section\" data-e-type=\"section\">\n\t\t\t\t\t\t<div class=\"elementor-container elementor-column-gap-default\">\n\t\t\t\t\t<div class=\"elementor-column elementor-col-50 elementor-top-column elementor-element elementor-element-43391e8\" data-id=\"43391e8\" data-element_type=\"column\" data-e-type=\"column\">\n\t\t\t<div class=\"elementor-widget-wrap elementor-element-populated\">\n\t\t\t\t\t\t<div class=\"elementor-element elementor-element-27d43ad elementor-widget elementor-widget-image\" data-id=\"27d43ad\" data-element_type=\"widget\" data-e-type=\"widget\" data-widget_type=\"image.default\">\n\t\t\t\t<div class=\"elementor-widget-container\">\n\t\t\t\t\t\t\t\t\t\t\t\t\t\t\t<img fetchpriority=\"high\" decoding=\"async\" width=\"534\" height=\"400\" src=\"https:\/\/remozatours.com\/wp-content\/uploads\/2026\/04\/jht-faqs.webp\" class=\"attachment-full size-full wp-image-15256\" alt=\"\" srcset=\"https:\/\/remozatours.com\/wp-content\/uploads\/2026\/04\/jht-faqs.webp 534w, https:\/\/remozatours.com\/wp-content\/uploads\/2026\/04\/jht-faqs-768x575.webp 768w, https:\/\/remozatours.com\/wp-content\/uploads\/2026\/04\/jht-faqs-18x12.webp 18w, https:\/\/remozatours.com\/wp-content\/uploads\/2026\/04\/jht-faqs-600x449.webp 600w\" sizes=\"(max-width: 534px) 100vw, 534px\" \/>\t\t\t\t\t\t\t\t\t\t\t\t\t\t\t<\/div>\n\t\t\t\t<\/div>\n\t\t\t\t\t<\/div>\n\t\t<\/div>\n\t\t\t\t<div class=\"elementor-column elementor-col-50 elementor-top-column elementor-element elementor-element-056e493\" data-id=\"056e493\" data-element_type=\"column\" data-e-type=\"column\">\n\t\t\t<div class=\"elementor-widget-wrap elementor-element-populated\">\n\t\t\t\t\t\t<div class=\"elementor-element elementor-element-7fe45ea elementor-widget elementor-widget-heading\" data-id=\"7fe45ea\" data-element_type=\"widget\" data-e-type=\"widget\" data-widget_type=\"heading.default\">\n\t\t\t\t<div class=\"elementor-widget-container\">\n\t\t\t\t\t<h2 class=\"elementor-heading-title elementor-size-default\">R\u00e9ponses \u00e0 Vos Questions de Voyage<\/h2>\t\t\t\t<\/div>\n\t\t\t\t<\/div>\n\t\t\t\t<div class=\"elementor-element elementor-element-2fbee09 elementor-widget elementor-widget-st_faq\" data-id=\"2fbee09\" data-element_type=\"widget\" data-e-type=\"widget\" data-widget_type=\"st_faq.default\">\n\t\t\t\t<div class=\"elementor-widget-container\">\n\t\t\t\t\t    <div class=\"accordion faq-lib st-style1\" id=\"accordion_list_2fbee09\">\r\n                    <div class=\"accordion-item\">\r\n                <h2 class=\"accordion-header\" id=\"heading_1-how-do-i-book-a-tour-with-remoza-tours\">\r\n                    <button class=\"accordion-button   collapsed\" type=\"button\" data-bs-toggle=\"collapse\" data-bs-target=\"#st-1-how-do-i-book-a-tour-with-remoza-tours\" aria-expanded=\"false\" aria-controls=\"1-how-do-i-book-a-tour-with-remoza-tours\">\r\n                        <span class=\"label\">1. Comment r\u00e9server une excursion avec Remoza Tours ?<\/span>\r\n                                                <i class=\"stt-icon\"><\/i>\r\n                    <\/button>\r\n                <\/h2>\r\n                <div id=\"st-1-how-do-i-book-a-tour-with-remoza-tours\" class=\"accordion-collapse collapse\" aria-labelledby=\"heading_1-how-do-i-book-a-tour-with-remoza-tours\" data-bs-parent=\"#accordion_list_2fbee09\">\r\n                    <div class=\"accordion-body\">\r\n                        Vous pouvez r\u00e9server via WhatsApp, e-mail, formulaires en ligne ou directement via notre site Web.                    <\/div>\r\n                <\/div>\r\n            <\/div>\r\n                    <div class=\"accordion-item\">\r\n                <h2 class=\"accordion-header\" id=\"heading_2-do-you-offer-private-tours\">\r\n                    <button class=\"accordion-button   collapsed\" type=\"button\" data-bs-toggle=\"collapse\" data-bs-target=\"#st-2-do-you-offer-private-tours\" aria-expanded=\"false\" aria-controls=\"2-do-you-offer-private-tours\">\r\n                        <span class=\"label\">2. Proposez-vous des visites priv\u00e9es?<\/span>\r\n                                                <i class=\"stt-icon\"><\/i>\r\n                    <\/button>\r\n                <\/h2>\r\n                <div id=\"st-2-do-you-offer-private-tours\" class=\"accordion-collapse collapse\" aria-labelledby=\"heading_2-do-you-offer-private-tours\" data-bs-parent=\"#accordion_list_2fbee09\">\r\n                    <div class=\"accordion-body\">\r\n                        Oui! La plupart de nos voyages sont disponibles en options priv\u00e9es, semi-priv\u00e9es ou de groupe.                    <\/div>\r\n                <\/div>\r\n            <\/div>\r\n                    <div class=\"accordion-item\">\r\n                <h2 class=\"accordion-header\" id=\"heading_3-are-your-guides-licensed\">\r\n                    <button class=\"accordion-button   collapsed\" type=\"button\" data-bs-toggle=\"collapse\" data-bs-target=\"#st-3-are-your-guides-licensed\" aria-expanded=\"false\" aria-controls=\"3-are-your-guides-licensed\">\r\n                        <span class=\"label\">3. Vos guides sont-ils agr\u00e9\u00e9s?<\/span>\r\n                                                <i class=\"stt-icon\"><\/i>\r\n                    <\/button>\r\n                <\/h2>\r\n                <div id=\"st-3-are-your-guides-licensed\" class=\"accordion-collapse collapse\" aria-labelledby=\"heading_3-are-your-guides-licensed\" data-bs-parent=\"#accordion_list_2fbee09\">\r\n                    <div class=\"accordion-body\">\r\n                        Tous nos guides sont professionnels, agr\u00e9\u00e9s et multilingues (anglais, polonais, allemand, fran\u00e7ais et bien d&#039;autres langues).                    <\/div>\r\n                <\/div>\r\n            <\/div>\r\n                    <div class=\"accordion-item\">\r\n                <h2 class=\"accordion-header\" id=\"heading_4-what-payment-methods-do-you-accept\">\r\n                    <button class=\"accordion-button   collapsed\" type=\"button\" data-bs-toggle=\"collapse\" data-bs-target=\"#st-4-what-payment-methods-do-you-accept\" aria-expanded=\"false\" aria-controls=\"4-what-payment-methods-do-you-accept\">\r\n                        <span class=\"label\">4. Quels modes de paiement acceptez-vous?<\/span>\r\n                                                <i class=\"stt-icon\"><\/i>\r\n                    <\/button>\r\n                <\/h2>\r\n                <div id=\"st-4-what-payment-methods-do-you-accept\" class=\"accordion-collapse collapse\" aria-labelledby=\"heading_4-what-payment-methods-do-you-accept\" data-bs-parent=\"#accordion_list_2fbee09\">\r\n                    <div class=\"accordion-body\">\r\n                        Nous acceptons les esp\u00e8ces (EUR \/ USD\/ EGP), les virements bancaires et les paiements en ligne en fonction du circuit.                    <\/div>\r\n                <\/div>\r\n            <\/div>\r\n                    <div class=\"accordion-item\">\r\n                <h2 class=\"accordion-header\" id=\"heading_5-is-transportation-included\">\r\n                    <button class=\"accordion-button   collapsed\" type=\"button\" data-bs-toggle=\"collapse\" data-bs-target=\"#st-5-is-transportation-included\" aria-expanded=\"false\" aria-controls=\"5-is-transportation-included\">\r\n                        <span class=\"label\">5. Le transport est-il inclus?<\/span>\r\n                                                <i class=\"stt-icon\"><\/i>\r\n                    <\/button>\r\n                <\/h2>\r\n                <div id=\"st-5-is-transportation-included\" class=\"accordion-collapse collapse\" aria-labelledby=\"heading_5-is-transportation-included\" data-bs-parent=\"#accordion_list_2fbee09\">\r\n                    <div class=\"accordion-body\">\r\n                        Oui-toutes les visites incluent la prise en charge et le retour \u00e0 l'h\u00f4tel.                    <\/div>\r\n                <\/div>\r\n            <\/div>\r\n                    <div class=\"accordion-item\">\r\n                <h2 class=\"accordion-header\" id=\"heading_6-are-your-excursions-safe-for-children\">\r\n                    <button class=\"accordion-button   collapsed\" type=\"button\" data-bs-toggle=\"collapse\" data-bs-target=\"#st-6-are-your-excursions-safe-for-children\" aria-expanded=\"false\" aria-controls=\"6-are-your-excursions-safe-for-children\">\r\n                        <span class=\"label\">6. Vos excursions sont-elles sans danger pour les enfants?<\/span>\r\n                                                <i class=\"stt-icon\"><\/i>\r\n                    <\/button>\r\n                <\/h2>\r\n                <div id=\"st-6-are-your-excursions-safe-for-children\" class=\"accordion-collapse collapse\" aria-labelledby=\"heading_6-are-your-excursions-safe-for-children\" data-bs-parent=\"#accordion_list_2fbee09\">\r\n                    <div class=\"accordion-body\">\r\n                        Absolument. De nombreux voyages sont adapt\u00e9s aux familles et con\u00e7us pour tous les \u00e2ges.                    <\/div>\r\n                <\/div>\r\n            <\/div>\r\n                    <div class=\"accordion-item\">\r\n                <h2 class=\"accordion-header\" id=\"heading_7-what-should-i-bring-on-a-snorkeling-tour\">\r\n                    <button class=\"accordion-button   collapsed\" type=\"button\" data-bs-toggle=\"collapse\" data-bs-target=\"#st-7-what-should-i-bring-on-a-snorkeling-tour\" aria-expanded=\"false\" aria-controls=\"7-what-should-i-bring-on-a-snorkeling-tour\">\r\n                        <span class=\"label\">7. Que dois-je apporter lors d'une excursion de plong\u00e9e en apn\u00e9e?<\/span>\r\n                                                <i class=\"stt-icon\"><\/i>\r\n                    <\/button>\r\n                <\/h2>\r\n                <div id=\"st-7-what-should-i-bring-on-a-snorkeling-tour\" class=\"accordion-collapse collapse\" aria-labelledby=\"heading_7-what-should-i-bring-on-a-snorkeling-tour\" data-bs-parent=\"#accordion_list_2fbee09\">\r\n                    <div class=\"accordion-body\">\r\n                        Maillot de bain, serviette, cr\u00e8me solaire et votre excitation! L'\u00e9quipement est inclus.                    <\/div>\r\n                <\/div>\r\n            <\/div>\r\n                    <div class=\"accordion-item\">\r\n                <h2 class=\"accordion-header\" id=\"heading_8-do-you-offer-discounts-for-groups\">\r\n                    <button class=\"accordion-button   collapsed\" type=\"button\" data-bs-toggle=\"collapse\" data-bs-target=\"#st-8-do-you-offer-discounts-for-groups\" aria-expanded=\"false\" aria-controls=\"8-do-you-offer-discounts-for-groups\">\r\n                        <span class=\"label\">8. Offrez-vous des r\u00e9ductions pour les groupes?<\/span>\r\n                                                <i class=\"stt-icon\"><\/i>\r\n                    <\/button>\r\n                <\/h2>\r\n                <div id=\"st-8-do-you-offer-discounts-for-groups\" class=\"accordion-collapse collapse\" aria-labelledby=\"heading_8-do-you-offer-discounts-for-groups\" data-bs-parent=\"#accordion_list_2fbee09\">\r\n                    <div class=\"accordion-body\">\r\n                        Oui-des prix sp\u00e9ciaux sont disponibles pour les familles, les grands groupes et les agences de voyages.                    <\/div>\r\n                <\/div>\r\n            <\/div>\r\n                    <div class=\"accordion-item\">\r\n                <h2 class=\"accordion-header\" id=\"heading_9-can-you-customize-tours\">\r\n                    <button class=\"accordion-button   collapsed\" type=\"button\" data-bs-toggle=\"collapse\" data-bs-target=\"#st-9-can-you-customize-tours\" aria-expanded=\"false\" aria-controls=\"9-can-you-customize-tours\">\r\n                        <span class=\"label\">9. Pouvez-vous personnaliser les visites?<\/span>\r\n                                                <i class=\"stt-icon\"><\/i>\r\n                    <\/button>\r\n                <\/h2>\r\n                <div id=\"st-9-can-you-customize-tours\" class=\"accordion-collapse collapse\" aria-labelledby=\"heading_9-can-you-customize-tours\" data-bs-parent=\"#accordion_list_2fbee09\">\r\n                    <div class=\"accordion-body\">\r\n                        Pardi! Nous pouvons concevoir des programmes sur mesure sur demande.                    <\/div>\r\n                <\/div>\r\n            <\/div>\r\n                    <div class=\"accordion-item\">\r\n                <h2 class=\"accordion-header\" id=\"heading_10-what-happens-if-the-weather-is-bad\">\r\n                    <button class=\"accordion-button   collapsed\" type=\"button\" data-bs-toggle=\"collapse\" data-bs-target=\"#st-10-what-happens-if-the-weather-is-bad\" aria-expanded=\"false\" aria-controls=\"10-what-happens-if-the-weather-is-bad\">\r\n                        <span class=\"label\">10. Que se passe-t-il si le temps est mauvais?<\/span>\r\n                                                <i class=\"stt-icon\"><\/i>\r\n                    <\/button>\r\n                <\/h2>\r\n                <div id=\"st-10-what-happens-if-the-weather-is-bad\" class=\"accordion-collapse collapse\" aria-labelledby=\"heading_10-what-happens-if-the-weather-is-bad\" data-bs-parent=\"#accordion_list_2fbee09\">\r\n                    <div class=\"accordion-body\">\r\n                        Votre s\u00e9curit\u00e9 est notre priorit\u00e9. Si un voyage est annul\u00e9, nous reportons ou remboursons.                    <\/div>\r\n                <\/div>\r\n            <\/div>\r\n            <\/div>\r\n\t\t\t\t<\/div>\n\t\t\t\t<\/div>\n\t\t\t\t\t<\/div>\n\t\t<\/div>\n\t\t\t\t\t<\/div>\n\t\t<\/section>\n\t\t\t\t<\/div>","protected":false},"excerpt":{"rendered":"<p>Frequently Asked Questions Your Travel Questions \u2014 Answered 1. How do I book a tour with Remoza Tours? You can book via WhatsApp, email, online forms, or directly through our website. 2. Do you offer private tours? Yes! Most of our trips are available as private, semi-private, or group options. 3. Are your guides licensed? [&hellip;]<\/p>\n","protected":false},"author":2,"featured_media":0,"parent":0,"menu_order":0,"comment_status":"closed","ping_status":"closed","template":"template-blank.php","meta":{"footnotes":""},"class_list":["post-314","page","type-page","status-publish","has-post-thumbnail","hentry"],"yoast_head":"<!-- This site is optimized with the Yoast SEO plugin v27.5 - https:\/\/yoast.com\/product\/yoast-seo-wordpress\/ -->\n<title>FAQ - Remoza Tours<\/title>\n<meta name=\"robots\" content=\"index, follow, max-snippet:-1, max-image-preview:large, max-video-preview:-1\" \/>\n<link rel=\"canonical\" href=\"https:\/\/remozatours.com\/fr\/faq\/\" \/>\n<meta property=\"og:locale\" content=\"fr_FR\" \/>\n<meta property=\"og:type\" content=\"article\" \/>\n<meta property=\"og:title\" content=\"FAQ - Remoza Tours\" \/>\n<meta property=\"og:description\" content=\"Frequently Asked Questions Your Travel Questions \u2014 Answered 1. How do I book a tour with Remoza Tours? You can book via WhatsApp, email, online forms, or directly through our website. 2. Do you offer private tours? Yes! Most of our trips are available as private, semi-private, or group options. 3. Are your guides licensed? [&hellip;]\" \/>\n<meta property=\"og:url\" content=\"https:\/\/remozatours.com\/fr\/faq\/\" \/>\n<meta property=\"og:site_name\" content=\"Remoza Tours\" \/>\n<meta property=\"article:publisher\" content=\"https:\/\/www.facebook.com\/profile.php?id=61578852911007\" \/>\n<meta property=\"article:modified_time\" content=\"2026-04-22T18:17:56+00:00\" \/>\n<meta property=\"og:image\" content=\"https:\/\/remozatours.com\/wp-content\/uploads\/2026\/04\/jht-faqs.webp\" \/>\n\t<meta property=\"og:image:width\" content=\"534\" \/>\n\t<meta property=\"og:image:height\" content=\"400\" \/>\n\t<meta property=\"og:image:type\" content=\"image\/webp\" \/>\n<meta name=\"twitter:card\" content=\"summary_large_image\" \/>\n<meta name=\"twitter:label1\" content=\"Dur\u00e9e de lecture estim\u00e9e\" \/>\n\t<meta name=\"twitter:data1\" content=\"2 minutes\" \/>\n<script type=\"application\/ld+json\" class=\"yoast-schema-graph\">{\"@context\":\"https:\\\/\\\/schema.org\",\"@graph\":[{\"@type\":\"WebPage\",\"@id\":\"https:\\\/\\\/remozatours.com\\\/faq\\\/\",\"url\":\"https:\\\/\\\/remozatours.com\\\/faq\\\/\",\"name\":\"FAQ - Remoza Tours\",\"isPartOf\":{\"@id\":\"https:\\\/\\\/remozatours.com\\\/#website\"},\"primaryImageOfPage\":{\"@id\":\"https:\\\/\\\/remozatours.com\\\/faq\\\/#primaryimage\"},\"image\":{\"@id\":\"https:\\\/\\\/remozatours.com\\\/faq\\\/#primaryimage\"},\"thumbnailUrl\":\"https:\\\/\\\/remozatours.com\\\/wp-content\\\/uploads\\\/2026\\\/04\\\/jht-faqs.webp\",\"datePublished\":\"2022-06-02T04:22:38+00:00\",\"dateModified\":\"2026-04-22T18:17:56+00:00\",\"breadcrumb\":{\"@id\":\"https:\\\/\\\/remozatours.com\\\/faq\\\/#breadcrumb\"},\"inLanguage\":\"fr-FR\",\"potentialAction\":[{\"@type\":\"ReadAction\",\"target\":[\"https:\\\/\\\/remozatours.com\\\/faq\\\/\"]}]},{\"@type\":\"ImageObject\",\"inLanguage\":\"fr-FR\",\"@id\":\"https:\\\/\\\/remozatours.com\\\/faq\\\/#primaryimage\",\"url\":\"https:\\\/\\\/remozatours.com\\\/wp-content\\\/uploads\\\/2026\\\/04\\\/jht-faqs.webp\",\"contentUrl\":\"https:\\\/\\\/remozatours.com\\\/wp-content\\\/uploads\\\/2026\\\/04\\\/jht-faqs.webp\"},{\"@type\":\"BreadcrumbList\",\"@id\":\"https:\\\/\\\/remozatours.com\\\/faq\\\/#breadcrumb\",\"itemListElement\":[{\"@type\":\"ListItem\",\"position\":1,\"name\":\"Home\",\"item\":\"https:\\\/\\\/remozatours.com\\\/\"},{\"@type\":\"ListItem\",\"position\":2,\"name\":\"FAQ\"}]},{\"@type\":\"WebSite\",\"@id\":\"https:\\\/\\\/remozatours.com\\\/#website\",\"url\":\"https:\\\/\\\/remozatours.com\\\/\",\"name\":\"Hurghada Abeer\",\"description\":\"Remoza Tours offers exceptional Nile cruises, guided tours, and reliable transfers across Egypt.\",\"publisher\":{\"@id\":\"https:\\\/\\\/remozatours.com\\\/#organization\"},\"potentialAction\":[{\"@type\":\"SearchAction\",\"target\":{\"@type\":\"EntryPoint\",\"urlTemplate\":\"https:\\\/\\\/remozatours.com\\\/?s={search_term_string}\"},\"query-input\":{\"@type\":\"PropertyValueSpecification\",\"valueRequired\":true,\"valueName\":\"search_term_string\"}}],\"inLanguage\":\"fr-FR\"},{\"@type\":\"Organization\",\"@id\":\"https:\\\/\\\/remozatours.com\\\/#organization\",\"name\":\"Hurghada Abeer\",\"url\":\"https:\\\/\\\/remozatours.com\\\/\",\"logo\":{\"@type\":\"ImageObject\",\"inLanguage\":\"fr-FR\",\"@id\":\"https:\\\/\\\/remozatours.com\\\/#\\\/schema\\\/logo\\\/image\\\/\",\"url\":\"https:\\\/\\\/remozatours.com\\\/wp-content\\\/uploads\\\/2022\\\/05\\\/logo-2-1.png\",\"contentUrl\":\"https:\\\/\\\/remozatours.com\\\/wp-content\\\/uploads\\\/2022\\\/05\\\/logo-2-1.png\",\"width\":552,\"height\":434,\"caption\":\"Hurghada Abeer\"},\"image\":{\"@id\":\"https:\\\/\\\/remozatours.com\\\/#\\\/schema\\\/logo\\\/image\\\/\"},\"sameAs\":[\"https:\\\/\\\/www.facebook.com\\\/profile.php?id=61578852911007\",\"https:\\\/\\\/www.tiktok.com\\\/@hurghada.abeer.tours\",\"https:\\\/\\\/www.instagram.com\\\/hurghada_abeer_tours\\\/\"]}]}<\/script>\n<!-- \/ Yoast SEO plugin. -->","yoast_head_json":{"title":"FAQ - Remoza Tours","robots":{"index":"index","follow":"follow","max-snippet":"max-snippet:-1","max-image-preview":"max-image-preview:large","max-video-preview":"max-video-preview:-1"},"canonical":"https:\/\/remozatours.com\/fr\/faq\/","og_locale":"fr_FR","og_type":"article","og_title":"FAQ - Remoza Tours","og_description":"Frequently Asked Questions Your Travel Questions \u2014 Answered 1. How do I book a tour with Remoza Tours? You can book via WhatsApp, email, online forms, or directly through our website. 2. Do you offer private tours? Yes! Most of our trips are available as private, semi-private, or group options. 3. Are your guides licensed? [&hellip;]","og_url":"https:\/\/remozatours.com\/fr\/faq\/","og_site_name":"Remoza Tours","article_publisher":"https:\/\/www.facebook.com\/profile.php?id=61578852911007","article_modified_time":"2026-04-22T18:17:56+00:00","og_image":[{"width":534,"height":400,"url":"https:\/\/remozatours.com\/wp-content\/uploads\/2026\/04\/jht-faqs.webp","type":"image\/webp"}],"twitter_card":"summary_large_image","twitter_misc":{"Dur\u00e9e de lecture estim\u00e9e":"2 minutes"},"schema":{"@context":"https:\/\/schema.org","@graph":[{"@type":"WebPage","@id":"https:\/\/remozatours.com\/faq\/","url":"https:\/\/remozatours.com\/faq\/","name":"FAQ - Remoza Tours","isPartOf":{"@id":"https:\/\/remozatours.com\/#website"},"primaryImageOfPage":{"@id":"https:\/\/remozatours.com\/faq\/#primaryimage"},"image":{"@id":"https:\/\/remozatours.com\/faq\/#primaryimage"},"thumbnailUrl":"https:\/\/remozatours.com\/wp-content\/uploads\/2026\/04\/jht-faqs.webp","datePublished":"2022-06-02T04:22:38+00:00","dateModified":"2026-04-22T18:17:56+00:00","breadcrumb":{"@id":"https:\/\/remozatours.com\/faq\/#breadcrumb"},"inLanguage":"fr-FR","potentialAction":[{"@type":"ReadAction","target":["https:\/\/remozatours.com\/faq\/"]}]},{"@type":"ImageObject","inLanguage":"fr-FR","@id":"https:\/\/remozatours.com\/faq\/#primaryimage","url":"https:\/\/remozatours.com\/wp-content\/uploads\/2026\/04\/jht-faqs.webp","contentUrl":"https:\/\/remozatours.com\/wp-content\/uploads\/2026\/04\/jht-faqs.webp"},{"@type":"BreadcrumbList","@id":"https:\/\/remozatours.com\/faq\/#breadcrumb","itemListElement":[{"@type":"ListItem","position":1,"name":"Home","item":"https:\/\/remozatours.com\/"},{"@type":"ListItem","position":2,"name":"FAQ"}]},{"@type":"WebSite","@id":"https:\/\/remozatours.com\/#website","url":"https:\/\/remozatours.com\/","name":"Hurghada Abeer","description":"Remoza Tours propose des croisi\u00e8res exceptionnelles sur le Nil, des visites guid\u00e9es et des transferts fiables \u00e0 travers l&#039;\u00c9gypte.","publisher":{"@id":"https:\/\/remozatours.com\/#organization"},"potentialAction":[{"@type":"SearchAction","target":{"@type":"EntryPoint","urlTemplate":"https:\/\/remozatours.com\/?s={search_term_string}"},"query-input":{"@type":"PropertyValueSpecification","valueRequired":true,"valueName":"search_term_string"}}],"inLanguage":"fr-FR"},{"@type":"Organization","@id":"https:\/\/remozatours.com\/#organization","name":"Hurghada Abeer","url":"https:\/\/remozatours.com\/","logo":{"@type":"ImageObject","inLanguage":"fr-FR","@id":"https:\/\/remozatours.com\/#\/schema\/logo\/image\/","url":"https:\/\/remozatours.com\/wp-content\/uploads\/2022\/05\/logo-2-1.png","contentUrl":"https:\/\/remozatours.com\/wp-content\/uploads\/2022\/05\/logo-2-1.png","width":552,"height":434,"caption":"Hurghada Abeer"},"image":{"@id":"https:\/\/remozatours.com\/#\/schema\/logo\/image\/"},"sameAs":["https:\/\/www.facebook.com\/profile.php?id=61578852911007","https:\/\/www.tiktok.com\/@hurghada.abeer.tours","https:\/\/www.instagram.com\/hurghada_abeer_tours\/"]}]}},"_links":{"self":[{"href":"https:\/\/remozatours.com\/fr\/wp-json\/wp\/v2\/pages\/314","targetHints":{"allow":["GET"]}}],"collection":[{"href":"https:\/\/remozatours.com\/fr\/wp-json\/wp\/v2\/pages"}],"about":[{"href":"https:\/\/remozatours.com\/fr\/wp-json\/wp\/v2\/types\/page"}],"author":[{"embeddable":true,"href":"https:\/\/remozatours.com\/fr\/wp-json\/wp\/v2\/users\/2"}],"replies":[{"embeddable":true,"href":"https:\/\/remozatours.com\/fr\/wp-json\/wp\/v2\/comments?post=314"}],"version-history":[{"count":21,"href":"https:\/\/remozatours.com\/fr\/wp-json\/wp\/v2\/pages\/314\/revisions"}],"predecessor-version":[{"id":15365,"href":"https:\/\/remozatours.com\/fr\/wp-json\/wp\/v2\/pages\/314\/revisions\/15365"}],"wp:attachment":[{"href":"https:\/\/remozatours.com\/fr\/wp-json\/wp\/v2\/media?parent=314"}],"curies":[{"name":"wp","href":"https:\/\/api.w.org\/{rel}","templated":true}]}}