{"id":15322,"date":"2026-04-22T17:15:44","date_gmt":"2026-04-22T17:15:44","guid":{"rendered":"https:\/\/remozatours.com\/?page_id=15322"},"modified":"2026-04-22T17:27:32","modified_gmt":"2026-04-22T17:27:32","slug":"nilecruise","status":"publish","type":"page","link":"https:\/\/remozatours.com\/fr\/nilecruise\/","title":{"rendered":"Croisi\u00e8re sur le Nil"},"content":{"rendered":"<div data-elementor-type=\"wp-page\" data-elementor-id=\"15322\" class=\"elementor elementor-15322\">\n\t\t\t\t\t\t<section class=\"elementor-section elementor-top-section elementor-element elementor-element-d1b8c5a elementor-section-height-min-height elementor-section-boxed elementor-section-height-default elementor-section-items-middle\" data-id=\"d1b8c5a\" data-element_type=\"section\" data-e-type=\"section\" data-settings=\"{&quot;background_background&quot;:&quot;classic&quot;}\">\n\t\t\t\t\t\t\t<div class=\"elementor-background-overlay\"><\/div>\n\t\t\t\t\t\t\t<div class=\"elementor-container elementor-column-gap-default\">\n\t\t\t\t\t<div class=\"elementor-column elementor-col-100 elementor-top-column elementor-element elementor-element-009db31\" data-id=\"009db31\" data-element_type=\"column\" data-e-type=\"column\">\n\t\t\t<div class=\"elementor-widget-wrap elementor-element-populated\">\n\t\t\t\t\t\t<div class=\"elementor-element elementor-element-52b281b elementor-widget elementor-widget-heading\" data-id=\"52b281b\" data-element_type=\"widget\" data-e-type=\"widget\" data-widget_type=\"heading.default\">\n\t\t\t\t<div class=\"elementor-widget-container\">\n\t\t\t\t\t<h2 class=\"elementor-heading-title elementor-size-default\">Remoza Tours <\/h2>\t\t\t\t<\/div>\n\t\t\t\t<\/div>\n\t\t\t\t<div class=\"elementor-element elementor-element-c89b27f elementor-widget elementor-widget-heading\" data-id=\"c89b27f\" data-element_type=\"widget\" data-e-type=\"widget\" data-widget_type=\"heading.default\">\n\t\t\t\t<div class=\"elementor-widget-container\">\n\t\t\t\t\t<h2 class=\"elementor-heading-title elementor-size-default\">Croisi\u00e8re sur le Nil<\/h2>\t\t\t\t<\/div>\n\t\t\t\t<\/div>\n\t\t\t\t\t<\/div>\n\t\t<\/div>\n\t\t\t\t\t<\/div>\n\t\t<\/section>\n\t\t\t\t<section class=\"elementor-section elementor-top-section elementor-element elementor-element-d7afa8d elementor-section-boxed elementor-section-height-default elementor-section-height-default\" data-id=\"d7afa8d\" data-element_type=\"section\" data-e-type=\"section\">\n\t\t\t\t\t\t<div class=\"elementor-container elementor-column-gap-default\">\n\t\t\t\t\t<div class=\"elementor-column elementor-col-100 elementor-top-column elementor-element elementor-element-7952412\" data-id=\"7952412\" data-element_type=\"column\" data-e-type=\"column\">\n\t\t\t<div class=\"elementor-widget-wrap elementor-element-populated\">\n\t\t\t\t\t\t<div class=\"elementor-element elementor-element-b3b97e2 elementor-widget elementor-widget-heading\" data-id=\"b3b97e2\" data-element_type=\"widget\" data-e-type=\"widget\" data-widget_type=\"heading.default\">\n\t\t\t\t<div class=\"elementor-widget-container\">\n\t\t\t\t\t<h2 class=\"elementor-heading-title elementor-size-default\">D\u00e9couvrez la magie d&#039;une croisi\u00e8re sur le Nil<\/h2>\t\t\t\t<\/div>\n\t\t\t\t<\/div>\n\t\t\t\t<div class=\"elementor-element elementor-element-28989de elementor-widget elementor-widget-text-editor\" data-id=\"28989de\" data-element_type=\"widget\" data-e-type=\"widget\" data-widget_type=\"text-editor.default\">\n\t\t\t\t<div class=\"elementor-widget-container\">\n\t\t\t\t\t\t\t\t\t<p>Embarquez pour un voyage hors du commun, o\u00f9 chaque instant vous rapproche de la richesse historique et de la beaut\u00e9 naturelle de l&#039;\u00c9gypte. Avec des visites guid\u00e9es, un h\u00e9bergement confortable et des paysages inoubliables, une croisi\u00e8re sur le Nil offre l&#039;alliance parfaite entre d\u00e9tente et d\u00e9couverte.<\/p>\t\t\t\t\t\t\t\t<\/div>\n\t\t\t\t<\/div>\n\t\t\t\t<div class=\"elementor-element elementor-element-d8557ab elementor-widget elementor-widget-st_list_service\" data-id=\"d8557ab\" data-element_type=\"widget\" data-e-type=\"widget\" data-settings=\"{&quot;type_form&quot;:&quot;single&quot;,&quot;order&quot;:&quot;ASC&quot;,&quot;slides_per_view&quot;:&quot;4&quot;}\" data-widget_type=\"st_list_service.default\">\n\t\t\t\t<div class=\"elementor-widget-container\">\n\t\t\t\t\t    <div class=\"st-list-service slider style_2\" data-effect=\"creative\" data-slides-per-view=\"4\" data-pagination=\"off\" data-navigation=\"off\" data-auto-play=\"off\" data-loop=\"false\" data-delay=\"\"    >\r\n        <div class=\"service-list-wrapper service-tour swiper-container\"><div class=\"swiper-wrapper\"><div class=\"swiper-slide\"><div class=\"services-item grid item-elementor\" itemscope itemtype=\"https:\/\/schema.org\/Event\">\r\n    <div class=\"item service-border st-border-radius\">\r\n        <div class=\"featured-image\">\r\n            <div class=\"st-tag-feature-sale\">\r\n                                \r\n            <\/div>\r\n                            <a href=\"#\" class=\"login\" data-bs-toggle=\"modal\" data-bs-target=\"#st-login-form\">\r\n                    <div class=\"service-add-wishlist\" title=\"Ajouter \u00e0 la liste de souhaits\">\r\n                        <i class=\"st-border-radius field-icon\"><svg xmlns=\"http:\/\/www.w3.org\/2000\/svg\" width=\"23\" height=\"22\" viewbox=\"0 0 23 22\" fill=\"none\">\r\n        <path fill-rule=\"evenodd\" clip-rule=\"evenodd\" d=\"M0.75 7.68998C0.75 4.18927 3.57229 1.34998 7.06 1.34998C8.79674 1.34998 10.3646 2.05596 11.5003 3.19469C12.6385 2.05561 14.2122 1.34998 15.94 1.34998C19.4277 1.34998 22.25 4.18927 22.25 7.68998C22.25 11.4395 20.5107 14.4001 18.4342 16.5276C16.3683 18.6443 13.9235 19.9861 12.3657 20.5186C12.0914 20.6147 11.7773 20.65 11.5 20.65C11.2227 20.65 10.9086 20.6147 10.6343 20.5186C9.07655 19.9861 6.63169 18.6443 4.56577 16.5276C2.48932 14.4001 0.75 11.4395 0.75 7.68998Z\" fill=\"#232323\" fill-opacity=\"0.3\" stroke=\"white\" stroke-width=\"1.5\" stroke-linecap=\"round\" stroke-linejoin=\"round\"\/>\r\n        <\/svg><\/i>                        <div class=\"lds-dual-ring\"><\/div>\r\n                    <\/div>\r\n                <\/a>\r\n                        <a href=\"https:\/\/remozatours.com\/fr\/st_activity\/nile-cruise-4-days-3-nights-from-aswan-to-luxor\/\">\r\n                <img decoding=\"async\" itemprop=\"image\" src=\"https:\/\/remozatours.com\/wp-content\/uploads\/2026\/04\/philae-temple-philae-island-900x600.webp\"\r\n                     alt=\"Croisi\u00e8re sur le Nil 4 jours \/ 3 nuits d&#039;Assouan \u00e0 Louxor\" class=\"image-feature st-hover-grow\"\/>\r\n            <\/a>\r\n                        <a href=\"https:\/\/remozatours.com\/fr\/function-partner-page\/?partner_id=1\" target=\"_blank\" title=\"Remoza Tours\"  class=\"service-avatar\"><img alt='Croisi\u00e8re sur le Nil 4 jours \/ 3 nuits d&#039;Assouan \u00e0 Louxor' src='https:\/\/secure.gravatar.com\/avatar\/01b32ce31043fff61dc7bd885ca3d4ae28967cda6e61b8415a00b63a606b7c11?s=70&#038;d=mm&#038;r=g' srcset='https:\/\/secure.gravatar.com\/avatar\/01b32ce31043fff61dc7bd885ca3d4ae28967cda6e61b8415a00b63a606b7c11?s=140&#038;d=mm&#038;r=g 2x' class='avatar avatar-70 photo' height='70' width='70' \/><\/a>        <\/div>\r\n        <div class=\"content-item\">\r\n                        <div class=\"event-date d-none\" itemprop=\"startDate\" content=\"2026-04-29 18:17:56\">2026-04-29 18:17:56<\/div>\r\n            <h3 class=\"title\" itemprop=\"name\">\r\n                <a href=\"https:\/\/remozatours.com\/fr\/st_activity\/nile-cruise-4-days-3-nights-from-aswan-to-luxor\/\"\r\n                   class=\"c-main\">Croisi\u00e8re sur le Nil 4 jours \/ 3 nuits d&#039;Assouan \u00e0 Louxor<\/a>\r\n            <\/h3>\r\n            <div class=\"reviews\" itemprop=\"aggregateRating\" itemscope itemtype=\"https:\/\/schema.org\/AggregateRating\">\r\n                <i class=\"stt-icon-star1\"><\/i>\r\n                <span class=\"rate\" itemprop=\"ratingValue\">\r\n                    0                <\/span>\r\n                <span class=\"summary\" itemprop=\"reviewCount\">\r\n                    (No Review)\r\n                <\/span>\r\n            <\/div>\r\n            <div class=\"event-date d-none\" itemprop=\"startDate\" content=\"2026-04-29 18:17:56\">2026-04-29 18:17:56<\/div>\r\n            <div class=\"section-footer\">\r\n\r\n                <div class=\"price-wrapper price-wrapper-tour d-flex align-items-end justify-content-between\">\r\n                    <span class=\"price-tour\">\r\n                        <span class=\"price d-flex justify-content-around flex-column\"><span class=\"sale-top\">From<span class=\"text-lg lh1em item\"> 400,00 $<\/span><\/span><\/span>\r\n                    <\/span>\r\n                                                <span class=\"unit\"><i class=\"input-icon st-border-radius field-icon fa\"><svg height=\"16px\" width=\"16px\" version=\"1.1\" xmlns=\"http:\/\/www.w3.org\/2000\/svg\" xmlns:xlink=\"http:\/\/www.w3.org\/1999\/xlink\" x=\"0px\" y=\"0px\"\r\n     viewbox=\"0 0 24 24\" style=\"enable-background:new 0 0 24 24;\" xml:space=\"preserve\">\r\n\r\n<g fill=\"#5E6D77\">\r\n    <path d=\"M12,23.25C5.797,23.25,0.75,18.203,0.75,12C0.75,5.797,5.797,0.75,12,0.75c6.203,0,11.25,5.047,11.25,11.25        C23.25,18.203,18.203,23.25,12,23.25z M12,2.25c-5.376,0-9.75,4.374-9.75,9.75s4.374,9.75,9.75,9.75s9.75-4.374,9.75-9.75        S17.376,2.25,12,2.25z\"\/>\r\n    <path d=\"M15.75,16.5c-0.2,0-0.389-0.078-0.53-0.22l-2.25-2.25c-0.302,0.145-0.632,0.22-0.969,0.22c-1.241,0-2.25-1.009-2.25-2.25        c0-0.96,0.615-1.808,1.5-2.121V5.25c0-0.414,0.336-0.75,0.75-0.75s0.75,0.336,0.75,0.75v4.629c0.885,0.314,1.5,1.162,1.5,2.121        c0,0.338-0.075,0.668-0.22,0.969l2.25,2.25c0.292,0.292,0.292,0.768,0,1.061C16.139,16.422,15.95,16.5,15.75,16.5z M12,11.25        c-0.414,0-0.75,0.336-0.75,0.75s0.336,0.75,0.75,0.75s0.75-0.336,0.75-0.75S12.414,11.25,12,11.25z\"\/>\r\n<\/g>\r\n<\/svg><\/i>4 jours<\/span>\r\n                        \r\n                <\/div>\r\n            <\/div>\r\n        <\/div>\r\n    <\/div>\r\n<\/div>\r\n\r\n<\/div><\/div><\/div>    <\/div>\r\n\t\t\t\t<\/div>\n\t\t\t\t<\/div>\n\t\t\t\t\t<\/div>\n\t\t<\/div>\n\t\t\t\t\t<\/div>\n\t\t<\/section>\n\t\t\t\t<\/div>","protected":false},"excerpt":{"rendered":"<p>Remoza Tours Nile cruise Discover the Magic of the Nile Cruise Step aboard and enjoy a journey like no other, where every moment brings you closer to Egypt\u2019s rich history and natural beauty. With guided tours, comfortable accommodation, and unforgettable scenery, a Nile cruise offers the perfect blend of relaxation and discovery. 2026-04-22 17:27:32 Nile [&hellip;]<\/p>\n","protected":false},"author":1,"featured_media":0,"parent":0,"menu_order":0,"comment_status":"closed","ping_status":"closed","template":"elementor_header_footer","meta":{"footnotes":""},"class_list":["post-15322","page","type-page","status-publish","has-post-thumbnail","hentry"],"yoast_head":"<!-- This site is optimized with the Yoast SEO plugin v27.5 - https:\/\/yoast.com\/product\/yoast-seo-wordpress\/ -->\n<title>Nile Cruise - Remoza Tours<\/title>\n<meta name=\"robots\" content=\"index, follow, max-snippet:-1, max-image-preview:large, max-video-preview:-1\" \/>\n<link rel=\"canonical\" href=\"https:\/\/remozatours.com\/fr\/nilecruise\/\" \/>\n<meta property=\"og:locale\" content=\"fr_FR\" \/>\n<meta property=\"og:type\" content=\"article\" \/>\n<meta property=\"og:title\" content=\"Nile Cruise - Remoza Tours\" \/>\n<meta property=\"og:description\" content=\"Remoza Tours Nile cruise Discover the Magic of the Nile Cruise Step aboard and enjoy a journey like no other, where every moment brings you closer to Egypt\u2019s rich history and natural beauty. With guided tours, comfortable accommodation, and unforgettable scenery, a Nile cruise offers the perfect blend of relaxation and discovery. 2026-04-22 17:27:32 Nile [&hellip;]\" \/>\n<meta property=\"og:url\" content=\"https:\/\/remozatours.com\/fr\/nilecruise\/\" \/>\n<meta property=\"og:site_name\" content=\"Remoza Tours\" \/>\n<meta property=\"article:publisher\" content=\"https:\/\/www.facebook.com\/profile.php?id=61578852911007\" \/>\n<meta property=\"article:modified_time\" content=\"2026-04-22T17:27:32+00:00\" \/>\n<meta property=\"og:image\" content=\"https:\/\/remozatours.com\/wp-content\/uploads\/2026\/04\/philae-temple-philae-island-900x600.webp\" \/>\n<meta name=\"twitter:card\" content=\"summary_large_image\" \/>\n<meta name=\"twitter:label1\" content=\"Dur\u00e9e de lecture estim\u00e9e\" \/>\n\t<meta name=\"twitter:data1\" content=\"1 minute\" \/>\n<script type=\"application\/ld+json\" class=\"yoast-schema-graph\">{\"@context\":\"https:\\\/\\\/schema.org\",\"@graph\":[{\"@type\":\"WebPage\",\"@id\":\"https:\\\/\\\/remozatours.com\\\/nilecruise\\\/\",\"url\":\"https:\\\/\\\/remozatours.com\\\/nilecruise\\\/\",\"name\":\"Nile Cruise - Remoza Tours\",\"isPartOf\":{\"@id\":\"https:\\\/\\\/remozatours.com\\\/#website\"},\"primaryImageOfPage\":{\"@id\":\"https:\\\/\\\/remozatours.com\\\/nilecruise\\\/#primaryimage\"},\"image\":{\"@id\":\"https:\\\/\\\/remozatours.com\\\/nilecruise\\\/#primaryimage\"},\"thumbnailUrl\":\"https:\\\/\\\/remozatours.com\\\/wp-content\\\/uploads\\\/2026\\\/04\\\/philae-temple-philae-island-900x600.webp\",\"datePublished\":\"2026-04-22T17:15:44+00:00\",\"dateModified\":\"2026-04-22T17:27:32+00:00\",\"breadcrumb\":{\"@id\":\"https:\\\/\\\/remozatours.com\\\/nilecruise\\\/#breadcrumb\"},\"inLanguage\":\"fr-FR\",\"potentialAction\":[{\"@type\":\"ReadAction\",\"target\":[\"https:\\\/\\\/remozatours.com\\\/nilecruise\\\/\"]}]},{\"@type\":\"ImageObject\",\"inLanguage\":\"fr-FR\",\"@id\":\"https:\\\/\\\/remozatours.com\\\/nilecruise\\\/#primaryimage\",\"url\":\"https:\\\/\\\/remozatours.com\\\/wp-content\\\/uploads\\\/2026\\\/04\\\/philae-temple-philae-island-900x600.webp\",\"contentUrl\":\"https:\\\/\\\/remozatours.com\\\/wp-content\\\/uploads\\\/2026\\\/04\\\/philae-temple-philae-island-900x600.webp\"},{\"@type\":\"BreadcrumbList\",\"@id\":\"https:\\\/\\\/remozatours.com\\\/nilecruise\\\/#breadcrumb\",\"itemListElement\":[{\"@type\":\"ListItem\",\"position\":1,\"name\":\"Home\",\"item\":\"https:\\\/\\\/remozatours.com\\\/\"},{\"@type\":\"ListItem\",\"position\":2,\"name\":\"Nile Cruise\"}]},{\"@type\":\"WebSite\",\"@id\":\"https:\\\/\\\/remozatours.com\\\/#website\",\"url\":\"https:\\\/\\\/remozatours.com\\\/\",\"name\":\"Hurghada Abeer\",\"description\":\"Remoza Tours offers exceptional Nile cruises, guided tours, and reliable transfers across Egypt.\",\"publisher\":{\"@id\":\"https:\\\/\\\/remozatours.com\\\/#organization\"},\"potentialAction\":[{\"@type\":\"SearchAction\",\"target\":{\"@type\":\"EntryPoint\",\"urlTemplate\":\"https:\\\/\\\/remozatours.com\\\/?s={search_term_string}\"},\"query-input\":{\"@type\":\"PropertyValueSpecification\",\"valueRequired\":true,\"valueName\":\"search_term_string\"}}],\"inLanguage\":\"fr-FR\"},{\"@type\":\"Organization\",\"@id\":\"https:\\\/\\\/remozatours.com\\\/#organization\",\"name\":\"Hurghada Abeer\",\"url\":\"https:\\\/\\\/remozatours.com\\\/\",\"logo\":{\"@type\":\"ImageObject\",\"inLanguage\":\"fr-FR\",\"@id\":\"https:\\\/\\\/remozatours.com\\\/#\\\/schema\\\/logo\\\/image\\\/\",\"url\":\"https:\\\/\\\/remozatours.com\\\/wp-content\\\/uploads\\\/2022\\\/05\\\/logo-2-1.png\",\"contentUrl\":\"https:\\\/\\\/remozatours.com\\\/wp-content\\\/uploads\\\/2022\\\/05\\\/logo-2-1.png\",\"width\":552,\"height\":434,\"caption\":\"Hurghada Abeer\"},\"image\":{\"@id\":\"https:\\\/\\\/remozatours.com\\\/#\\\/schema\\\/logo\\\/image\\\/\"},\"sameAs\":[\"https:\\\/\\\/www.facebook.com\\\/profile.php?id=61578852911007\",\"https:\\\/\\\/www.tiktok.com\\\/@hurghada.abeer.tours\",\"https:\\\/\\\/www.instagram.com\\\/hurghada_abeer_tours\\\/\"]}]}<\/script>\n<!-- \/ Yoast SEO plugin. -->","yoast_head_json":{"title":"Nile Cruise - Remoza Tours","robots":{"index":"index","follow":"follow","max-snippet":"max-snippet:-1","max-image-preview":"max-image-preview:large","max-video-preview":"max-video-preview:-1"},"canonical":"https:\/\/remozatours.com\/fr\/nilecruise\/","og_locale":"fr_FR","og_type":"article","og_title":"Nile Cruise - Remoza Tours","og_description":"Remoza Tours Nile cruise Discover the Magic of the Nile Cruise Step aboard and enjoy a journey like no other, where every moment brings you closer to Egypt\u2019s rich history and natural beauty. With guided tours, comfortable accommodation, and unforgettable scenery, a Nile cruise offers the perfect blend of relaxation and discovery. 2026-04-22 17:27:32 Nile [&hellip;]","og_url":"https:\/\/remozatours.com\/fr\/nilecruise\/","og_site_name":"Remoza Tours","article_publisher":"https:\/\/www.facebook.com\/profile.php?id=61578852911007","article_modified_time":"2026-04-22T17:27:32+00:00","og_image":[{"url":"https:\/\/remozatours.com\/wp-content\/uploads\/2026\/04\/philae-temple-philae-island-900x600.webp","type":"","width":"","height":""}],"twitter_card":"summary_large_image","twitter_misc":{"Dur\u00e9e de lecture estim\u00e9e":"1 minute"},"schema":{"@context":"https:\/\/schema.org","@graph":[{"@type":"WebPage","@id":"https:\/\/remozatours.com\/nilecruise\/","url":"https:\/\/remozatours.com\/nilecruise\/","name":"Nile Cruise - Remoza Tours","isPartOf":{"@id":"https:\/\/remozatours.com\/#website"},"primaryImageOfPage":{"@id":"https:\/\/remozatours.com\/nilecruise\/#primaryimage"},"image":{"@id":"https:\/\/remozatours.com\/nilecruise\/#primaryimage"},"thumbnailUrl":"https:\/\/remozatours.com\/wp-content\/uploads\/2026\/04\/philae-temple-philae-island-900x600.webp","datePublished":"2026-04-22T17:15:44+00:00","dateModified":"2026-04-22T17:27:32+00:00","breadcrumb":{"@id":"https:\/\/remozatours.com\/nilecruise\/#breadcrumb"},"inLanguage":"fr-FR","potentialAction":[{"@type":"ReadAction","target":["https:\/\/remozatours.com\/nilecruise\/"]}]},{"@type":"ImageObject","inLanguage":"fr-FR","@id":"https:\/\/remozatours.com\/nilecruise\/#primaryimage","url":"https:\/\/remozatours.com\/wp-content\/uploads\/2026\/04\/philae-temple-philae-island-900x600.webp","contentUrl":"https:\/\/remozatours.com\/wp-content\/uploads\/2026\/04\/philae-temple-philae-island-900x600.webp"},{"@type":"BreadcrumbList","@id":"https:\/\/remozatours.com\/nilecruise\/#breadcrumb","itemListElement":[{"@type":"ListItem","position":1,"name":"Home","item":"https:\/\/remozatours.com\/"},{"@type":"ListItem","position":2,"name":"Nile Cruise"}]},{"@type":"WebSite","@id":"https:\/\/remozatours.com\/#website","url":"https:\/\/remozatours.com\/","name":"Hurghada Abeer","description":"Remoza Tours propose des croisi\u00e8res exceptionnelles sur le Nil, des visites guid\u00e9es et des transferts fiables \u00e0 travers l&#039;\u00c9gypte.","publisher":{"@id":"https:\/\/remozatours.com\/#organization"},"potentialAction":[{"@type":"SearchAction","target":{"@type":"EntryPoint","urlTemplate":"https:\/\/remozatours.com\/?s={search_term_string}"},"query-input":{"@type":"PropertyValueSpecification","valueRequired":true,"valueName":"search_term_string"}}],"inLanguage":"fr-FR"},{"@type":"Organization","@id":"https:\/\/remozatours.com\/#organization","name":"Hurghada Abeer","url":"https:\/\/remozatours.com\/","logo":{"@type":"ImageObject","inLanguage":"fr-FR","@id":"https:\/\/remozatours.com\/#\/schema\/logo\/image\/","url":"https:\/\/remozatours.com\/wp-content\/uploads\/2022\/05\/logo-2-1.png","contentUrl":"https:\/\/remozatours.com\/wp-content\/uploads\/2022\/05\/logo-2-1.png","width":552,"height":434,"caption":"Hurghada Abeer"},"image":{"@id":"https:\/\/remozatours.com\/#\/schema\/logo\/image\/"},"sameAs":["https:\/\/www.facebook.com\/profile.php?id=61578852911007","https:\/\/www.tiktok.com\/@hurghada.abeer.tours","https:\/\/www.instagram.com\/hurghada_abeer_tours\/"]}]}},"_links":{"self":[{"href":"https:\/\/remozatours.com\/fr\/wp-json\/wp\/v2\/pages\/15322","targetHints":{"allow":["GET"]}}],"collection":[{"href":"https:\/\/remozatours.com\/fr\/wp-json\/wp\/v2\/pages"}],"about":[{"href":"https:\/\/remozatours.com\/fr\/wp-json\/wp\/v2\/types\/page"}],"author":[{"embeddable":true,"href":"https:\/\/remozatours.com\/fr\/wp-json\/wp\/v2\/users\/1"}],"replies":[{"embeddable":true,"href":"https:\/\/remozatours.com\/fr\/wp-json\/wp\/v2\/comments?post=15322"}],"version-history":[{"count":17,"href":"https:\/\/remozatours.com\/fr\/wp-json\/wp\/v2\/pages\/15322\/revisions"}],"predecessor-version":[{"id":15343,"href":"https:\/\/remozatours.com\/fr\/wp-json\/wp\/v2\/pages\/15322\/revisions\/15343"}],"wp:attachment":[{"href":"https:\/\/remozatours.com\/fr\/wp-json\/wp\/v2\/media?parent=15322"}],"curies":[{"name":"wp","href":"https:\/\/api.w.org\/{rel}","templated":true}]}}