{"id":240,"date":"2022-05-13T03:57:12","date_gmt":"2022-05-13T03:57:12","guid":{"rendered":"https:\/\/modactivity.travelerwp.com\/?page_id=240"},"modified":"2026-04-22T17:46:29","modified_gmt":"2026-04-22T17:46:29","slug":"blog","status":"publish","type":"page","link":"https:\/\/remozatours.com\/de\/blog\/","title":{"rendered":"Blog"},"content":{"rendered":"","protected":false},"excerpt":{"rendered":"","protected":false},"author":1,"featured_media":14529,"parent":0,"menu_order":0,"comment_status":"closed","ping_status":"closed","template":"template-blog.php","meta":{"footnotes":""},"class_list":["post-240","page","type-page","status-publish","has-post-thumbnail","hentry"],"yoast_head":"<!-- This site is optimized with the Yoast SEO plugin v27.5 - https:\/\/yoast.com\/product\/yoast-seo-wordpress\/ -->\n<title>Blog - Remoza Tours<\/title>\n<meta name=\"robots\" content=\"index, follow, max-snippet:-1, max-image-preview:large, max-video-preview:-1\" \/>\n<link rel=\"canonical\" href=\"https:\/\/remozatours.com\/de\/blog\/\" \/>\n<meta property=\"og:locale\" content=\"de_DE\" \/>\n<meta property=\"og:type\" content=\"article\" \/>\n<meta property=\"og:title\" content=\"Blog - Remoza Tours\" \/>\n<meta property=\"og:url\" content=\"https:\/\/remozatours.com\/de\/blog\/\" \/>\n<meta property=\"og:site_name\" content=\"Remoza Tours\" \/>\n<meta property=\"article:publisher\" content=\"https:\/\/www.facebook.com\/profile.php?id=61578852911007\" \/>\n<meta property=\"article:modified_time\" content=\"2026-04-22T17:46:29+00:00\" \/>\n<meta property=\"og:image\" content=\"https:\/\/remozatours.com\/wp-content\/uploads\/2025\/11\/pexels-iurii-laimin-78973777-8796434-scaled.jpg\" \/>\n\t<meta property=\"og:image:width\" content=\"2560\" \/>\n\t<meta property=\"og:image:height\" content=\"2560\" \/>\n\t<meta property=\"og:image:type\" content=\"image\/jpeg\" \/>\n<meta name=\"twitter:card\" content=\"summary_large_image\" \/>\n<meta name=\"twitter:label1\" content=\"Gesch\u00e4tzte Lesezeit\" \/>\n\t<meta name=\"twitter:data1\" content=\"1\u00a0Minute\" \/>\n<script type=\"application\/ld+json\" class=\"yoast-schema-graph\">{\"@context\":\"https:\\\/\\\/schema.org\",\"@graph\":[{\"@type\":\"WebPage\",\"@id\":\"https:\\\/\\\/remozatours.com\\\/blog\\\/\",\"url\":\"https:\\\/\\\/remozatours.com\\\/blog\\\/\",\"name\":\"Blog - Remoza Tours\",\"isPartOf\":{\"@id\":\"https:\\\/\\\/remozatours.com\\\/#website\"},\"primaryImageOfPage\":{\"@id\":\"https:\\\/\\\/remozatours.com\\\/blog\\\/#primaryimage\"},\"image\":{\"@id\":\"https:\\\/\\\/remozatours.com\\\/blog\\\/#primaryimage\"},\"thumbnailUrl\":\"https:\\\/\\\/remozatours.com\\\/wp-content\\\/uploads\\\/2025\\\/11\\\/pexels-iurii-laimin-78973777-8796434-scaled.jpg\",\"datePublished\":\"2022-05-13T03:57:12+00:00\",\"dateModified\":\"2026-04-22T17:46:29+00:00\",\"breadcrumb\":{\"@id\":\"https:\\\/\\\/remozatours.com\\\/blog\\\/#breadcrumb\"},\"inLanguage\":\"de\",\"potentialAction\":[{\"@type\":\"ReadAction\",\"target\":[\"https:\\\/\\\/remozatours.com\\\/blog\\\/\"]}]},{\"@type\":\"ImageObject\",\"inLanguage\":\"de\",\"@id\":\"https:\\\/\\\/remozatours.com\\\/blog\\\/#primaryimage\",\"url\":\"https:\\\/\\\/remozatours.com\\\/wp-content\\\/uploads\\\/2025\\\/11\\\/pexels-iurii-laimin-78973777-8796434-scaled.jpg\",\"contentUrl\":\"https:\\\/\\\/remozatours.com\\\/wp-content\\\/uploads\\\/2025\\\/11\\\/pexels-iurii-laimin-78973777-8796434-scaled.jpg\",\"width\":2560,\"height\":2560},{\"@type\":\"BreadcrumbList\",\"@id\":\"https:\\\/\\\/remozatours.com\\\/blog\\\/#breadcrumb\",\"itemListElement\":[{\"@type\":\"ListItem\",\"position\":1,\"name\":\"Home\",\"item\":\"https:\\\/\\\/remozatours.com\\\/\"},{\"@type\":\"ListItem\",\"position\":2,\"name\":\"Blog\"}]},{\"@type\":\"WebSite\",\"@id\":\"https:\\\/\\\/remozatours.com\\\/#website\",\"url\":\"https:\\\/\\\/remozatours.com\\\/\",\"name\":\"Hurghada Abeer\",\"description\":\"Remoza Tours offers exceptional Nile cruises, guided tours, and reliable transfers across Egypt.\",\"publisher\":{\"@id\":\"https:\\\/\\\/remozatours.com\\\/#organization\"},\"potentialAction\":[{\"@type\":\"SearchAction\",\"target\":{\"@type\":\"EntryPoint\",\"urlTemplate\":\"https:\\\/\\\/remozatours.com\\\/?s={search_term_string}\"},\"query-input\":{\"@type\":\"PropertyValueSpecification\",\"valueRequired\":true,\"valueName\":\"search_term_string\"}}],\"inLanguage\":\"de\"},{\"@type\":\"Organization\",\"@id\":\"https:\\\/\\\/remozatours.com\\\/#organization\",\"name\":\"Hurghada Abeer\",\"url\":\"https:\\\/\\\/remozatours.com\\\/\",\"logo\":{\"@type\":\"ImageObject\",\"inLanguage\":\"de\",\"@id\":\"https:\\\/\\\/remozatours.com\\\/#\\\/schema\\\/logo\\\/image\\\/\",\"url\":\"https:\\\/\\\/remozatours.com\\\/wp-content\\\/uploads\\\/2022\\\/05\\\/logo-2-1.png\",\"contentUrl\":\"https:\\\/\\\/remozatours.com\\\/wp-content\\\/uploads\\\/2022\\\/05\\\/logo-2-1.png\",\"width\":552,\"height\":434,\"caption\":\"Hurghada Abeer\"},\"image\":{\"@id\":\"https:\\\/\\\/remozatours.com\\\/#\\\/schema\\\/logo\\\/image\\\/\"},\"sameAs\":[\"https:\\\/\\\/www.facebook.com\\\/profile.php?id=61578852911007\",\"https:\\\/\\\/www.tiktok.com\\\/@hurghada.abeer.tours\",\"https:\\\/\\\/www.instagram.com\\\/hurghada_abeer_tours\\\/\"]}]}<\/script>\n<!-- \/ Yoast SEO plugin. -->","yoast_head_json":{"title":"Blog - Remoza Tours","robots":{"index":"index","follow":"follow","max-snippet":"max-snippet:-1","max-image-preview":"max-image-preview:large","max-video-preview":"max-video-preview:-1"},"canonical":"https:\/\/remozatours.com\/de\/blog\/","og_locale":"de_DE","og_type":"article","og_title":"Blog - Remoza Tours","og_url":"https:\/\/remozatours.com\/de\/blog\/","og_site_name":"Remoza Tours","article_publisher":"https:\/\/www.facebook.com\/profile.php?id=61578852911007","article_modified_time":"2026-04-22T17:46:29+00:00","og_image":[{"width":2560,"height":2560,"url":"https:\/\/remozatours.com\/wp-content\/uploads\/2025\/11\/pexels-iurii-laimin-78973777-8796434-scaled.jpg","type":"image\/jpeg"}],"twitter_card":"summary_large_image","twitter_misc":{"Gesch\u00e4tzte Lesezeit":"1\u00a0Minute"},"schema":{"@context":"https:\/\/schema.org","@graph":[{"@type":"WebPage","@id":"https:\/\/remozatours.com\/blog\/","url":"https:\/\/remozatours.com\/blog\/","name":"Blog - Remoza Tours","isPartOf":{"@id":"https:\/\/remozatours.com\/#website"},"primaryImageOfPage":{"@id":"https:\/\/remozatours.com\/blog\/#primaryimage"},"image":{"@id":"https:\/\/remozatours.com\/blog\/#primaryimage"},"thumbnailUrl":"https:\/\/remozatours.com\/wp-content\/uploads\/2025\/11\/pexels-iurii-laimin-78973777-8796434-scaled.jpg","datePublished":"2022-05-13T03:57:12+00:00","dateModified":"2026-04-22T17:46:29+00:00","breadcrumb":{"@id":"https:\/\/remozatours.com\/blog\/#breadcrumb"},"inLanguage":"de","potentialAction":[{"@type":"ReadAction","target":["https:\/\/remozatours.com\/blog\/"]}]},{"@type":"ImageObject","inLanguage":"de","@id":"https:\/\/remozatours.com\/blog\/#primaryimage","url":"https:\/\/remozatours.com\/wp-content\/uploads\/2025\/11\/pexels-iurii-laimin-78973777-8796434-scaled.jpg","contentUrl":"https:\/\/remozatours.com\/wp-content\/uploads\/2025\/11\/pexels-iurii-laimin-78973777-8796434-scaled.jpg","width":2560,"height":2560},{"@type":"BreadcrumbList","@id":"https:\/\/remozatours.com\/blog\/#breadcrumb","itemListElement":[{"@type":"ListItem","position":1,"name":"Home","item":"https:\/\/remozatours.com\/"},{"@type":"ListItem","position":2,"name":"Blog"}]},{"@type":"WebSite","@id":"https:\/\/remozatours.com\/#website","url":"https:\/\/remozatours.com\/","name":"Hurghada Abeer","description":"Remoza Tours bietet au\u00dfergew\u00f6hnliche Nilkreuzfahrten, gef\u00fchrte Touren und zuverl\u00e4ssige Transfers in ganz \u00c4gypten an.","publisher":{"@id":"https:\/\/remozatours.com\/#organization"},"potentialAction":[{"@type":"SearchAction","target":{"@type":"EntryPoint","urlTemplate":"https:\/\/remozatours.com\/?s={search_term_string}"},"query-input":{"@type":"PropertyValueSpecification","valueRequired":true,"valueName":"search_term_string"}}],"inLanguage":"de"},{"@type":"Organization","@id":"https:\/\/remozatours.com\/#organization","name":"Hurghada Abeer","url":"https:\/\/remozatours.com\/","logo":{"@type":"ImageObject","inLanguage":"de","@id":"https:\/\/remozatours.com\/#\/schema\/logo\/image\/","url":"https:\/\/remozatours.com\/wp-content\/uploads\/2022\/05\/logo-2-1.png","contentUrl":"https:\/\/remozatours.com\/wp-content\/uploads\/2022\/05\/logo-2-1.png","width":552,"height":434,"caption":"Hurghada Abeer"},"image":{"@id":"https:\/\/remozatours.com\/#\/schema\/logo\/image\/"},"sameAs":["https:\/\/www.facebook.com\/profile.php?id=61578852911007","https:\/\/www.tiktok.com\/@hurghada.abeer.tours","https:\/\/www.instagram.com\/hurghada_abeer_tours\/"]}]}},"_links":{"self":[{"href":"https:\/\/remozatours.com\/de\/wp-json\/wp\/v2\/pages\/240","targetHints":{"allow":["GET"]}}],"collection":[{"href":"https:\/\/remozatours.com\/de\/wp-json\/wp\/v2\/pages"}],"about":[{"href":"https:\/\/remozatours.com\/de\/wp-json\/wp\/v2\/types\/page"}],"author":[{"embeddable":true,"href":"https:\/\/remozatours.com\/de\/wp-json\/wp\/v2\/users\/1"}],"replies":[{"embeddable":true,"href":"https:\/\/remozatours.com\/de\/wp-json\/wp\/v2\/comments?post=240"}],"version-history":[{"count":1,"href":"https:\/\/remozatours.com\/de\/wp-json\/wp\/v2\/pages\/240\/revisions"}],"predecessor-version":[{"id":15000,"href":"https:\/\/remozatours.com\/de\/wp-json\/wp\/v2\/pages\/240\/revisions\/15000"}],"wp:featuredmedia":[{"embeddable":true,"href":"https:\/\/remozatours.com\/de\/wp-json\/wp\/v2\/media\/14529"}],"wp:attachment":[{"href":"https:\/\/remozatours.com\/de\/wp-json\/wp\/v2\/media?parent=240"}],"curies":[{"name":"wp","href":"https:\/\/api.w.org\/{rel}","templated":true}]}}